{"id":30,"date":"2026-03-10T12:32:34","date_gmt":"2026-03-10T12:32:34","guid":{"rendered":"https:\/\/ncalic.mojweb.com.hr\/?page_id=30"},"modified":"2026-03-12T16:35:10","modified_gmt":"2026-03-12T16:35:10","slug":"spek-snack","status":"publish","type":"page","link":"https:\/\/ncalic.mojweb.com.hr\/?page_id=30","title":{"rendered":"Pr\u0161utana"},"content":{"rendered":"\t\t<div data-elementor-type=\"wp-page\" data-elementor-id=\"30\" class=\"elementor elementor-30\">\n\t\t\t\t<div class=\"elementor-element elementor-element-2663fb4 e-grid e-con-full e-con e-parent\" data-id=\"2663fb4\" data-element_type=\"container\" data-e-type=\"container\">\n\t\t\t\t<div class=\"elementor-element elementor-element-d2389ea elementor-align-right elementor-widget elementor-widget-button\" data-id=\"d2389ea\" data-element_type=\"widget\" data-e-type=\"widget\" data-widget_type=\"button.default\">\n\t\t\t\t\t\t\t\t\t\t<a class=\"elementor-button elementor-button-link elementor-size-sm\" href=\"#\">\n\t\t\t\t\t\t<span class=\"elementor-button-content-wrapper\">\n\t\t\t\t\t\t\t\t\t<span class=\"elementor-button-text\">Naslovnica<\/span>\n\t\t\t\t\t<\/span>\n\t\t\t\t\t<\/a>\n\t\t\t\t\t\t\t\t<\/div>\n\t\t\t\t<div class=\"elementor-element elementor-element-b6b2058 elementor-align-left elementor-widget elementor-widget-button\" data-id=\"b6b2058\" data-element_type=\"widget\" data-e-type=\"widget\" data-widget_type=\"button.default\">\n\t\t\t\t\t\t\t\t\t\t<a class=\"elementor-button elementor-button-link elementor-size-sm\" href=\"#\">\n\t\t\t\t\t\t<span class=\"elementor-button-content-wrapper\">\n\t\t\t\t\t\t\t\t\t<span class=\"elementor-button-text\">O nama<\/span>\n\t\t\t\t\t<\/span>\n\t\t\t\t\t<\/a>\n\t\t\t\t\t\t\t\t<\/div>\n\t\t\t\t<div class=\"elementor-element elementor-element-7634b4c elementor-align-right elementor-widget elementor-widget-button\" data-id=\"7634b4c\" data-element_type=\"widget\" data-e-type=\"widget\" data-widget_type=\"button.default\">\n\t\t\t\t\t\t\t\t\t\t<a class=\"elementor-button elementor-button-link elementor-size-sm\" href=\"#\">\n\t\t\t\t\t\t<span class=\"elementor-button-content-wrapper\">\n\t\t\t\t\t\t\t\t\t<span class=\"elementor-button-text\">Kontakt<\/span>\n\t\t\t\t\t<\/span>\n\t\t\t\t\t<\/a>\n\t\t\t\t\t\t\t\t<\/div>\n\t\t\t\t<div class=\"elementor-element elementor-element-0735c3e elementor-widget elementor-widget-button\" data-id=\"0735c3e\" data-element_type=\"widget\" data-e-type=\"widget\" data-widget_type=\"button.default\">\n\t\t\t\t\t\t\t\t\t\t<a class=\"elementor-button elementor-button-link elementor-size-sm\" href=\"#\">\n\t\t\t\t\t\t<span class=\"elementor-button-content-wrapper\">\n\t\t\t\t\t\t\t\t\t<span class=\"elementor-button-text\">Naru\u010di odmah<\/span>\n\t\t\t\t\t<\/span>\n\t\t\t\t\t<\/a>\n\t\t\t\t\t\t\t\t<\/div>\n\t\t\t\t<\/div>\n\t\t<div class=\"elementor-element elementor-element-8b2ea76 e-flex e-con-boxed e-con e-parent\" data-id=\"8b2ea76\" data-element_type=\"container\" data-e-type=\"container\">\n\t\t\t\t\t<div class=\"e-con-inner\">\n\t\t\t\t<div class=\"elementor-element elementor-element-1bc686f elementor-widget elementor-widget-heading\" data-id=\"1bc686f\" data-element_type=\"widget\" data-e-type=\"widget\" data-widget_type=\"heading.default\">\n\t\t\t\t\t<h1 class=\"elementor-heading-title elementor-size-default\">Pr\u0161utana Bura<\/h1>\t\t\t\t<\/div>\n\t\t\t\t\t<\/div>\n\t\t\t\t<\/div>\n\t\t<div class=\"elementor-element elementor-element-da7b517 e-flex e-con-boxed e-con e-parent\" data-id=\"da7b517\" data-element_type=\"container\" data-e-type=\"container\">\n\t\t\t\t\t<div class=\"e-con-inner\">\n\t\t<div class=\"elementor-element elementor-element-8a298c0 e-con-full e-flex e-con e-child\" data-id=\"8a298c0\" data-element_type=\"container\" data-e-type=\"container\">\n\t\t\t\t<div class=\"elementor-element elementor-element-55f5850 elementor-widget elementor-widget-image\" data-id=\"55f5850\" data-element_type=\"widget\" data-e-type=\"widget\" data-widget_type=\"image.default\">\n\t\t\t\t\t\t\t\t\t\t\t\t<figure class=\"wp-caption\">\n\t\t\t\t\t\t\t\t\t\t<img fetchpriority=\"high\" decoding=\"async\" width=\"1536\" height=\"1024\" src=\"https:\/\/ncalic.mojweb.com.hr\/wp-content\/uploads\/2026\/03\/alex-guillaume-lAZqUCAOvOk-unsplash-1536x1024.jpg\" class=\"attachment-1536x1536 size-1536x1536 wp-image-23\" alt=\"suhomesnati proizvodi servirani na dasci. Osoba uzima komad mesa\" srcset=\"https:\/\/ncalic.mojweb.com.hr\/wp-content\/uploads\/2026\/03\/alex-guillaume-lAZqUCAOvOk-unsplash-1536x1024.jpg 1536w, https:\/\/ncalic.mojweb.com.hr\/wp-content\/uploads\/2026\/03\/alex-guillaume-lAZqUCAOvOk-unsplash-300x200.jpg 300w, https:\/\/ncalic.mojweb.com.hr\/wp-content\/uploads\/2026\/03\/alex-guillaume-lAZqUCAOvOk-unsplash-1024x683.jpg 1024w, https:\/\/ncalic.mojweb.com.hr\/wp-content\/uploads\/2026\/03\/alex-guillaume-lAZqUCAOvOk-unsplash-768x512.jpg 768w, https:\/\/ncalic.mojweb.com.hr\/wp-content\/uploads\/2026\/03\/alex-guillaume-lAZqUCAOvOk-unsplash-2048x1365.jpg 2048w\" sizes=\"(max-width: 1536px) 100vw, 1536px\" \/>\t\t\t\t\t\t\t\t\t\t\t<figcaption class=\"widget-image-caption wp-caption-text\"><\/figcaption>\n\t\t\t\t\t\t\t\t\t\t<\/figure>\n\t\t\t\t\t\t\t\t\t<\/div>\n\t\t\t\t<\/div>\n\t\t<div class=\"elementor-element elementor-element-952f163 e-con-full e-flex e-con e-child\" data-id=\"952f163\" data-element_type=\"container\" data-e-type=\"container\">\n\t\t<div class=\"elementor-element elementor-element-d90d6ac e-con-full e-flex e-con e-child\" data-id=\"d90d6ac\" data-element_type=\"container\" data-e-type=\"container\">\n\t\t\t\t<div class=\"elementor-element elementor-element-416ded7 elementor-widget elementor-widget-text-editor\" data-id=\"416ded7\" data-element_type=\"widget\" data-e-type=\"widget\" data-widget_type=\"text-editor.default\">\n\t\t\t\t\t\t\t\t\t<p>Mi smo tim koji je ljubav prema tradiciji preto\u010dio u pogon za preradu pr\u0161uta<\/p><p>Ako ste u potrazi za savr\u0161enim i doma\u0107im suhomesnatim proizvodom, na dobrom ste mjestu. Ne sramite se, slobodno zavirite<\/p>\t\t\t\t\t\t\t\t<\/div>\n\t\t\t\t<div class=\"elementor-element elementor-element-b44d539 elementor-button-info elementor-align-left elementor-widget elementor-widget-button\" data-id=\"b44d539\" data-element_type=\"widget\" data-e-type=\"widget\" data-widget_type=\"button.default\">\n\t\t\t\t\t\t\t\t\t\t<a class=\"elementor-button elementor-button-link elementor-size-sm\" href=\"#\">\n\t\t\t\t\t\t<span class=\"elementor-button-content-wrapper\">\n\t\t\t\t\t\t\t\t\t<span class=\"elementor-button-text\">Galerija<\/span>\n\t\t\t\t\t<\/span>\n\t\t\t\t\t<\/a>\n\t\t\t\t\t\t\t\t<\/div>\n\t\t\t\t<\/div>\n\t\t\t\t<\/div>\n\t\t\t\t\t<\/div>\n\t\t\t\t<\/div>\n\t\t<div class=\"elementor-element elementor-element-a98be05 e-flex e-con-boxed e-con e-parent\" data-id=\"a98be05\" data-element_type=\"container\" data-e-type=\"container\">\n\t\t\t\t\t<div class=\"e-con-inner\">\n\t\t\t\t<div class=\"elementor-element elementor-element-553c3f1 elementor-widget elementor-widget-heading\" data-id=\"553c3f1\" data-element_type=\"widget\" data-e-type=\"widget\" data-widget_type=\"heading.default\">\n\t\t\t\t\t<h2 class=\"elementor-heading-title elementor-size-default\">O proizvodu<\/h2>\t\t\t\t<\/div>\n\t\t\t\t\t<\/div>\n\t\t\t\t<\/div>\n\t\t<div class=\"elementor-element elementor-element-84e0c22 e-flex e-con-boxed e-con e-parent\" data-id=\"84e0c22\" data-element_type=\"container\" data-e-type=\"container\">\n\t\t\t\t\t<div class=\"e-con-inner\">\n\t\t<div class=\"elementor-element elementor-element-0c73619 e-con-full e-flex e-con e-child\" data-id=\"0c73619\" data-element_type=\"container\" data-e-type=\"container\">\n\t\t\t\t<div class=\"elementor-element elementor-element-a23f588 elementor-widget elementor-widget-text-editor\" data-id=\"a23f588\" data-element_type=\"widget\" data-e-type=\"widget\" data-widget_type=\"text-editor.default\">\n\t\t\t\t\t\t\t\t\t<p>Pr\u0161ut je tradicionalni suhomesnati proizvod kojeg dobijamo su\u0161enjem i zrenjem svinjske stra\u017enje noge. Nakon soljenja, meso se ostavlja da se su\u0161i na buri i sazrijeva vi\u0161e mjeseci, a ponekad i godina. Tijekom tog procesa pr\u0161ut \u0107e dobiti karakteristi\u010dan miris, aromu i teksturu. Meso je crvenkasto-ru\u017ei\u010daste boje, dok je masno\u0107a bijela ili blago kremasta, \u0161to pridonosi njegovu bogatom okusu.<\/p>\t\t\t\t\t\t\t\t<\/div>\n\t\t\t\t<\/div>\n\t\t<div class=\"elementor-element elementor-element-54b4081 e-con-full e-flex e-con e-child\" data-id=\"54b4081\" data-element_type=\"container\" data-e-type=\"container\">\n\t\t\t\t<div class=\"elementor-element elementor-element-de04eaa elementor-widget elementor-widget-image\" data-id=\"de04eaa\" data-element_type=\"widget\" data-e-type=\"widget\" data-widget_type=\"image.default\">\n\t\t\t\t\t\t\t\t\t\t\t\t\t\t\t<img decoding=\"async\" width=\"200\" height=\"300\" src=\"https:\/\/ncalic.mojweb.com.hr\/wp-content\/uploads\/2026\/03\/d638b51f-54ce-43ab-9d51-bb61b8caa372-200x300.png\" class=\"attachment-medium size-medium wp-image-35\" alt=\"Prsut visi i susi se na tradicionalan nacin\" srcset=\"https:\/\/ncalic.mojweb.com.hr\/wp-content\/uploads\/2026\/03\/d638b51f-54ce-43ab-9d51-bb61b8caa372-200x300.png 200w, https:\/\/ncalic.mojweb.com.hr\/wp-content\/uploads\/2026\/03\/d638b51f-54ce-43ab-9d51-bb61b8caa372-683x1024.png 683w, https:\/\/ncalic.mojweb.com.hr\/wp-content\/uploads\/2026\/03\/d638b51f-54ce-43ab-9d51-bb61b8caa372-768x1152.png 768w, https:\/\/ncalic.mojweb.com.hr\/wp-content\/uploads\/2026\/03\/d638b51f-54ce-43ab-9d51-bb61b8caa372.png 1024w\" sizes=\"(max-width: 200px) 100vw, 200px\" \/>\t\t\t\t\t\t\t\t\t\t\t\t\t\t\t<\/div>\n\t\t\t\t<\/div>\n\t\t<div class=\"elementor-element elementor-element-e2c2b2f e-con-full e-flex e-con e-child\" data-id=\"e2c2b2f\" data-element_type=\"container\" data-e-type=\"container\">\n\t\t\t\t<div class=\"elementor-element elementor-element-33acd9b elementor-widget__width-initial elementor-widget elementor-widget-heading\" data-id=\"33acd9b\" data-element_type=\"widget\" data-e-type=\"widget\" data-widget_type=\"heading.default\">\n\t\t\t\t\t<h3 class=\"elementor-heading-title elementor-size-default\">Kako prepoznati kvalitetan pr\u0161ut ?\n\n\n\n\n\n<\/h3>\t\t\t\t<\/div>\n\t\t\t\t<\/div>\n\t\t\t\t\t<\/div>\n\t\t\t\t<\/div>\n\t\t<div class=\"elementor-element elementor-element-f180004 e-flex e-con-boxed e-con e-parent\" data-id=\"f180004\" data-element_type=\"container\" data-e-type=\"container\">\n\t\t\t\t\t<div class=\"e-con-inner\">\n\t\t<div class=\"elementor-element elementor-element-5b55ce8 e-con-full e-flex e-con e-child\" data-id=\"5b55ce8\" data-element_type=\"container\" data-e-type=\"container\">\n\t\t\t\t<div class=\"elementor-element elementor-element-af1f584 elementor-widget elementor-widget-image\" data-id=\"af1f584\" data-element_type=\"widget\" data-e-type=\"widget\" data-widget_type=\"image.default\">\n\t\t\t\t\t\t\t\t\t\t\t\t\t\t\t<img decoding=\"async\" width=\"200\" height=\"300\" src=\"https:\/\/ncalic.mojweb.com.hr\/wp-content\/uploads\/2026\/03\/a7025eb8-a9f9-4dda-afd9-67c5ae673b9a-200x300.png\" class=\"attachment-medium size-medium wp-image-34\" alt=\"Prsut serviran na dasci\" srcset=\"https:\/\/ncalic.mojweb.com.hr\/wp-content\/uploads\/2026\/03\/a7025eb8-a9f9-4dda-afd9-67c5ae673b9a-200x300.png 200w, https:\/\/ncalic.mojweb.com.hr\/wp-content\/uploads\/2026\/03\/a7025eb8-a9f9-4dda-afd9-67c5ae673b9a-683x1024.png 683w, https:\/\/ncalic.mojweb.com.hr\/wp-content\/uploads\/2026\/03\/a7025eb8-a9f9-4dda-afd9-67c5ae673b9a-768x1152.png 768w, https:\/\/ncalic.mojweb.com.hr\/wp-content\/uploads\/2026\/03\/a7025eb8-a9f9-4dda-afd9-67c5ae673b9a.png 1024w\" sizes=\"(max-width: 200px) 100vw, 200px\" \/>\t\t\t\t\t\t\t\t\t\t\t\t\t\t\t<\/div>\n\t\t\t\t<\/div>\n\t\t\t\t<div class=\"elementor-element elementor-element-6023f47 elementor-widget elementor-widget-text-editor\" data-id=\"6023f47\" data-element_type=\"widget\" data-e-type=\"widget\" data-widget_type=\"text-editor.default\">\n\t\t\t\t\t\t\t\t\t<p>Kvalitetan pr\u0161ut se mo\u017ee prepoznati po nekoliko znakova.<\/p><ol><li>Boja- na\u0161 pr\u0161ut odlikuje crvenkasto-ru\u017ei\u010dasta boja.<\/li><li>Masno\u0107a- vrlo bitan faktor jer pr\u0161utu daje okus. Masno\u0107a treba biti \u010dvrsta, bijela ili blago \u017eu\u0107kasta i ravnomjerno raspore\u0111ena.<\/li><li>\u00a0Miris- kvalitetan pr\u0161ut ima blag i ugodan miris.<\/li><li>Tekstura- kad pritisnete pr\u0161ut on mora biti lagano elasti\u010dan, a nikako pretvrd ili gnjecav.<\/li><li>\u00a0Kristali u mesu- to su kristali aminokiselina koje nam ukazuju da je meso dugo sazrijevalo i kvalitetno.<\/li><\/ol>\t\t\t\t\t\t\t\t<\/div>\n\t\t\t\t\t<\/div>\n\t\t\t\t<\/div>\n\t\t\t\t<\/div>\n\t\t","protected":false},"excerpt":{"rendered":"<p>Naslovnica O nama Kontakt Naru\u010di odmah Pr\u0161utana Bura Mi smo tim koji je ljubav prema tradiciji preto\u010dio u pogon za preradu pr\u0161uta Ako ste u potrazi za savr\u0161enim i doma\u0107im suhomesnatim proizvodom, na dobrom ste mjestu. Ne sramite se, slobodno zavirite Galerija O proizvodu Pr\u0161ut je tradicionalni suhomesnati proizvod kojeg dobijamo su\u0161enjem i zrenjem svinjske [&hellip;]<\/p>\n","protected":false},"author":1,"featured_media":0,"parent":0,"menu_order":0,"comment_status":"closed","ping_status":"closed","template":"elementor_header_footer","meta":{"footnotes":""},"class_list":["post-30","page","type-page","status-publish","hentry"],"_links":{"self":[{"href":"https:\/\/ncalic.mojweb.com.hr\/index.php?rest_route=\/wp\/v2\/pages\/30","targetHints":{"allow":["GET"]}}],"collection":[{"href":"https:\/\/ncalic.mojweb.com.hr\/index.php?rest_route=\/wp\/v2\/pages"}],"about":[{"href":"https:\/\/ncalic.mojweb.com.hr\/index.php?rest_route=\/wp\/v2\/types\/page"}],"author":[{"embeddable":true,"href":"https:\/\/ncalic.mojweb.com.hr\/index.php?rest_route=\/wp\/v2\/users\/1"}],"replies":[{"embeddable":true,"href":"https:\/\/ncalic.mojweb.com.hr\/index.php?rest_route=%2Fwp%2Fv2%2Fcomments&post=30"}],"version-history":[{"count":20,"href":"https:\/\/ncalic.mojweb.com.hr\/index.php?rest_route=\/wp\/v2\/pages\/30\/revisions"}],"predecessor-version":[{"id":62,"href":"https:\/\/ncalic.mojweb.com.hr\/index.php?rest_route=\/wp\/v2\/pages\/30\/revisions\/62"}],"wp:attachment":[{"href":"https:\/\/ncalic.mojweb.com.hr\/index.php?rest_route=%2Fwp%2Fv2%2Fmedia&parent=30"}],"curies":[{"name":"wp","href":"https:\/\/api.w.org\/{rel}","templated":true}]}}